{"id":3550,"date":"2023-03-25T12:00:30","date_gmt":"2023-03-25T12:00:30","guid":{"rendered":"https:\/\/tecnologia.vamtam.com\/?page_id=3550"},"modified":"2023-03-25T12:00:30","modified_gmt":"2023-03-25T12:00:30","slug":"anton-thorne","status":"publish","type":"page","link":"https:\/\/ingeotecktecnologics.com\/?page_id=3550","title":{"rendered":"Anton Thorne"},"content":{"rendered":"\t\t<div data-elementor-type=\"wp-page\" data-elementor-id=\"3550\" class=\"elementor elementor-3550\" data-elementor-post-type=\"page\">\n\t\t\t\t\t\t<section class=\"elementor-section elementor-top-section elementor-element elementor-element-66501ac3 elementor-section-full_width elementor-section-height-default elementor-section-height-default\" data-id=\"66501ac3\" data-element_type=\"section\">\n\t\t\t\t\t\t<div class=\"elementor-container elementor-column-gap-no\">\n\t\t\t\t\t<div class=\"elementor-column elementor-col-100 elementor-top-column elementor-element elementor-element-25ebd05\" data-id=\"25ebd05\" data-element_type=\"column\">\n\t\t\t<div class=\"elementor-widget-wrap elementor-element-populated\">\n\t\t\t\t\t\t<div class=\"elementor-element elementor-element-7fc182ec elementor-widget elementor-widget-text-editor\" data-id=\"7fc182ec\" data-element_type=\"widget\" data-widget_type=\"text-editor.default\">\n\t\t\t\t<div class=\"elementor-widget-container\">\n\t\t\t<style>\/*! elementor - v3.19.0 - 07-02-2024 *\/\n.elementor-widget-text-editor.elementor-drop-cap-view-stacked .elementor-drop-cap{background-color:#69727d;color:#fff}.elementor-widget-text-editor.elementor-drop-cap-view-framed .elementor-drop-cap{color:#69727d;border:3px solid;background-color:transparent}.elementor-widget-text-editor:not(.elementor-drop-cap-view-default) .elementor-drop-cap{margin-top:8px}.elementor-widget-text-editor:not(.elementor-drop-cap-view-default) .elementor-drop-cap-letter{width:1em;height:1em}.elementor-widget-text-editor .elementor-drop-cap{float:left;text-align:center;line-height:1;font-size:50px}.elementor-widget-text-editor .elementor-drop-cap-letter{display:inline-block}<\/style>\t\t\t\t<p>Mr. Thorne is an accomplished IT leader with three decades of experience helping build industry leading technology-intensive companies. As CEO, Anton oversees Tecnologia\u2019s strategic vision while driving growth and establishing Tecnologia as the leading partner of choice for mid-market strategic buyers of IT.<\/p>\n<p>Anton has founded and built three, category-defining, sector leading companies. He was the Founder and CEO of Tanaros (acquired by Ongoing Operations), where he created the category of Application Continuity Appliances for ending email downtime. Prior to Tanaros, he was the CEO of All Covered (acquired by Konica Minolta) that, under his leadership, grew from a single office to the largest outsourced IT provider to US Small Business. He co-founded one of the first venture firms focused on building new enterprises in China, Generation Ventures. He was also a partner at Booz Allen Hamilton, focused on operational strategy development for technology-intensive Global 1000 Enterprises.<\/p>\t\t\t\t\t\t<\/div>\n\t\t\t\t<\/div>\n\t\t\t\t<div class=\"elementor-element elementor-element-4c040fa8 elementor-widget elementor-widget-text-editor\" data-id=\"4c040fa8\" data-element_type=\"widget\" data-widget_type=\"text-editor.default\">\n\t\t\t\t<div class=\"elementor-widget-container\">\n\t\t\t\t\t\t\t<p>\u201cTo be a CEO is a calling. You should not do it because it is a job. It is a calling, and you have got to be involved in it with your head and heart.\u201d<\/p>\t\t\t\t\t\t<\/div>\n\t\t\t\t<\/div>\n\t\t\t\t<div class=\"elementor-element elementor-element-59358791 elementor-shape-circle elementor-grid-2 e-grid-align-left e-grid-align-mobile-left elementor-widget__width-auto elementor-widget elementor-widget-social-icons\" data-id=\"59358791\" data-element_type=\"widget\" data-widget_type=\"social-icons.default\">\n\t\t\t\t<div class=\"elementor-widget-container\">\n\t\t\t<style>\/*! elementor - v3.19.0 - 07-02-2024 *\/\n.elementor-widget-social-icons.elementor-grid-0 .elementor-widget-container,.elementor-widget-social-icons.elementor-grid-mobile-0 .elementor-widget-container,.elementor-widget-social-icons.elementor-grid-tablet-0 .elementor-widget-container{line-height:1;font-size:0}.elementor-widget-social-icons:not(.elementor-grid-0):not(.elementor-grid-tablet-0):not(.elementor-grid-mobile-0) .elementor-grid{display:inline-grid}.elementor-widget-social-icons .elementor-grid{grid-column-gap:var(--grid-column-gap,5px);grid-row-gap:var(--grid-row-gap,5px);grid-template-columns:var(--grid-template-columns);justify-content:var(--justify-content,center);justify-items:var(--justify-content,center)}.elementor-icon.elementor-social-icon{font-size:var(--icon-size,25px);line-height:var(--icon-size,25px);width:calc(var(--icon-size, 25px) + 2 * var(--icon-padding, .5em));height:calc(var(--icon-size, 25px) + 2 * var(--icon-padding, .5em))}.elementor-social-icon{--e-social-icon-icon-color:#fff;display:inline-flex;background-color:#69727d;align-items:center;justify-content:center;text-align:center;cursor:pointer}.elementor-social-icon i{color:var(--e-social-icon-icon-color)}.elementor-social-icon svg{fill:var(--e-social-icon-icon-color)}.elementor-social-icon:last-child{margin:0}.elementor-social-icon:hover{opacity:.9;color:#fff}.elementor-social-icon-android{background-color:#a4c639}.elementor-social-icon-apple{background-color:#999}.elementor-social-icon-behance{background-color:#1769ff}.elementor-social-icon-bitbucket{background-color:#205081}.elementor-social-icon-codepen{background-color:#000}.elementor-social-icon-delicious{background-color:#39f}.elementor-social-icon-deviantart{background-color:#05cc47}.elementor-social-icon-digg{background-color:#005be2}.elementor-social-icon-dribbble{background-color:#ea4c89}.elementor-social-icon-elementor{background-color:#d30c5c}.elementor-social-icon-envelope{background-color:#ea4335}.elementor-social-icon-facebook,.elementor-social-icon-facebook-f{background-color:#3b5998}.elementor-social-icon-flickr{background-color:#0063dc}.elementor-social-icon-foursquare{background-color:#2d5be3}.elementor-social-icon-free-code-camp,.elementor-social-icon-freecodecamp{background-color:#006400}.elementor-social-icon-github{background-color:#333}.elementor-social-icon-gitlab{background-color:#e24329}.elementor-social-icon-globe{background-color:#69727d}.elementor-social-icon-google-plus,.elementor-social-icon-google-plus-g{background-color:#dd4b39}.elementor-social-icon-houzz{background-color:#7ac142}.elementor-social-icon-instagram{background-color:#262626}.elementor-social-icon-jsfiddle{background-color:#487aa2}.elementor-social-icon-link{background-color:#818a91}.elementor-social-icon-linkedin,.elementor-social-icon-linkedin-in{background-color:#0077b5}.elementor-social-icon-medium{background-color:#00ab6b}.elementor-social-icon-meetup{background-color:#ec1c40}.elementor-social-icon-mixcloud{background-color:#273a4b}.elementor-social-icon-odnoklassniki{background-color:#f4731c}.elementor-social-icon-pinterest{background-color:#bd081c}.elementor-social-icon-product-hunt{background-color:#da552f}.elementor-social-icon-reddit{background-color:#ff4500}.elementor-social-icon-rss{background-color:#f26522}.elementor-social-icon-shopping-cart{background-color:#4caf50}.elementor-social-icon-skype{background-color:#00aff0}.elementor-social-icon-slideshare{background-color:#0077b5}.elementor-social-icon-snapchat{background-color:#fffc00}.elementor-social-icon-soundcloud{background-color:#f80}.elementor-social-icon-spotify{background-color:#2ebd59}.elementor-social-icon-stack-overflow{background-color:#fe7a15}.elementor-social-icon-steam{background-color:#00adee}.elementor-social-icon-stumbleupon{background-color:#eb4924}.elementor-social-icon-telegram{background-color:#2ca5e0}.elementor-social-icon-thumb-tack{background-color:#1aa1d8}.elementor-social-icon-tripadvisor{background-color:#589442}.elementor-social-icon-tumblr{background-color:#35465c}.elementor-social-icon-twitch{background-color:#6441a5}.elementor-social-icon-twitter{background-color:#1da1f2}.elementor-social-icon-viber{background-color:#665cac}.elementor-social-icon-vimeo{background-color:#1ab7ea}.elementor-social-icon-vk{background-color:#45668e}.elementor-social-icon-weibo{background-color:#dd2430}.elementor-social-icon-weixin{background-color:#31a918}.elementor-social-icon-whatsapp{background-color:#25d366}.elementor-social-icon-wordpress{background-color:#21759b}.elementor-social-icon-xing{background-color:#026466}.elementor-social-icon-yelp{background-color:#af0606}.elementor-social-icon-youtube{background-color:#cd201f}.elementor-social-icon-500px{background-color:#0099e5}.elementor-shape-rounded .elementor-icon.elementor-social-icon{border-radius:10%}.elementor-shape-circle .elementor-icon.elementor-social-icon{border-radius:50%}<\/style>\t\t<div class=\"elementor-social-icons-wrapper elementor-grid\">\n\t\t\t\t\t\t\t<span class=\"elementor-grid-item\">\n\t\t\t\t\t<a class=\"elementor-icon elementor-social-icon elementor-social-icon-linkedin elementor-repeater-item-c7c5b59\" href=\"http:\/\/linkedin.com\" target=\"_blank\">\n\t\t\t\t\t\t<span class=\"elementor-screen-only\">Linkedin<\/span>\n\t\t\t\t\t\t<i class=\"fab fa-linkedin\"><\/i>\t\t\t\t\t<\/a>\n\t\t\t\t<\/span>\n\t\t\t\t\t\t\t<span class=\"elementor-grid-item\">\n\t\t\t\t\t<a class=\"elementor-icon elementor-social-icon elementor-social-icon-twitter elementor-repeater-item-7b267b3\" href=\"https:\/\/twitter.com\/vamtam\" target=\"_blank\">\n\t\t\t\t\t\t<span class=\"elementor-screen-only\">Twitter<\/span>\n\t\t\t\t\t\t<i class=\"fab fa-twitter\"><\/i>\t\t\t\t\t<\/a>\n\t\t\t\t<\/span>\n\t\t\t\t\t<\/div>\n\t\t\t\t<\/div>\n\t\t\t\t<\/div>\n\t\t\t\t<div class=\"vamtam-has-theme-widget-styles elementor-element elementor-element-735ae8cc vamtam-has-underline-anim elementor-widget__width-auto elementor-widget elementor-widget-button\" data-id=\"735ae8cc\" data-element_type=\"widget\" data-widget_type=\"button.default\">\n\t\t\t\t<div class=\"elementor-widget-container\">\n\t\t\t\t\t<div class=\"elementor-button-wrapper\">\n\t\t\t<a class=\"elementor-button elementor-button-link elementor-size-sm\" href=\"https:\/\/ingeotecktecnologics.com\/?page_id=1295\">\n\t\t\t\t\t\t<span class=\"elementor-button-content-wrapper\">\n\t\t\t\t\t\t<span class=\"elementor-button-text\">Back to Team Members<\/span>\n\t\t<\/span>\n\t\t\t\t\t<\/a>\n\t\t<\/div>\n\t\t\t\t<\/div>\n\t\t\t\t<\/div>\n\t\t\t\t\t<\/div>\n\t\t<\/div>\n\t\t\t\t\t<\/div>\n\t\t<\/section>\n\t\t\t\t<\/div>\n\t\t","protected":false},"excerpt":{"rendered":"<p>Senior Developer<\/p>\n","protected":false},"author":1,"featured_media":3555,"parent":1295,"menu_order":0,"comment_status":"closed","ping_status":"closed","template":"","meta":{"footnotes":""},"yoast_head":"<!-- This site is optimized with the Yoast SEO plugin v22.0 - https:\/\/yoast.com\/wordpress\/plugins\/seo\/ -->\n<title>Anton Thorne - Ingeoteck Tecnologies | Equipos y hardware para empresas<\/title>\n<meta name=\"robots\" content=\"index, follow, max-snippet:-1, max-image-preview:large, max-video-preview:-1\" \/>\n<link rel=\"canonical\" href=\"https:\/\/ingeotecktecnologics.com\/?page_id=3550\" \/>\n<meta property=\"og:locale\" content=\"en_US\" \/>\n<meta property=\"og:type\" content=\"article\" \/>\n<meta property=\"og:title\" content=\"Anton Thorne - Ingeoteck Tecnologies | Equipos y hardware para empresas\" \/>\n<meta property=\"og:description\" content=\"Senior Developer\" \/>\n<meta property=\"og:url\" content=\"https:\/\/ingeotecktecnologics.com\/?page_id=3550\" \/>\n<meta property=\"og:site_name\" content=\"Ingeoteck Tecnologies | Equipos y hardware para empresas\" \/>\n<meta name=\"twitter:card\" content=\"summary_large_image\" \/>\n<meta name=\"twitter:label1\" content=\"Est. reading time\" \/>\n\t<meta name=\"twitter:data1\" content=\"1 minute\" \/>\n<script type=\"application\/ld+json\" class=\"yoast-schema-graph\">{\"@context\":\"https:\/\/schema.org\",\"@graph\":[{\"@type\":\"WebPage\",\"@id\":\"https:\/\/ingeotecktecnologics.com\/?page_id=3550\",\"url\":\"https:\/\/ingeotecktecnologics.com\/?page_id=3550\",\"name\":\"Anton Thorne - Ingeoteck Tecnologies | Equipos y hardware para empresas\",\"isPartOf\":{\"@id\":\"https:\/\/ingeotecktecnologics.com\/#website\"},\"datePublished\":\"2023-03-25T12:00:30+00:00\",\"dateModified\":\"2023-03-25T12:00:30+00:00\",\"breadcrumb\":{\"@id\":\"https:\/\/ingeotecktecnologics.com\/?page_id=3550#breadcrumb\"},\"inLanguage\":\"en-US\",\"potentialAction\":[{\"@type\":\"ReadAction\",\"target\":[\"https:\/\/ingeotecktecnologics.com\/?page_id=3550\"]}]},{\"@type\":\"BreadcrumbList\",\"@id\":\"https:\/\/ingeotecktecnologics.com\/?page_id=3550#breadcrumb\",\"itemListElement\":[{\"@type\":\"ListItem\",\"position\":1,\"name\":\"Home\",\"item\":\"https:\/\/ingeotecktecnologics.com\/\"},{\"@type\":\"ListItem\",\"position\":2,\"name\":\"Team\",\"item\":\"https:\/\/ingeotecktecnologics.com\/?page_id=1295\"},{\"@type\":\"ListItem\",\"position\":3,\"name\":\"Anton Thorne\"}]},{\"@type\":\"WebSite\",\"@id\":\"https:\/\/ingeotecktecnologics.com\/#website\",\"url\":\"https:\/\/ingeotecktecnologics.com\/\",\"name\":\"Ingeoteck Tecnologies | Equipos y hardware para empresas\",\"description\":\"Proveedor de servicios tecnol\u00f3gicos l\u00edder en Colombia con m\u00e1s de 15 a\u00f1os de experiencia, ofreciendo consultor\u00eda, e infraestructura de calidad.\",\"publisher\":{\"@id\":\"https:\/\/ingeotecktecnologics.com\/#organization\"},\"potentialAction\":[{\"@type\":\"SearchAction\",\"target\":{\"@type\":\"EntryPoint\",\"urlTemplate\":\"https:\/\/ingeotecktecnologics.com\/?s={search_term_string}\"},\"query-input\":\"required name=search_term_string\"}],\"inLanguage\":\"en-US\"},{\"@type\":\"Organization\",\"@id\":\"https:\/\/ingeotecktecnologics.com\/#organization\",\"name\":\"Ingeoteck Tecnologies | Equipos y hardware para empresas\",\"url\":\"https:\/\/ingeotecktecnologics.com\/\",\"logo\":{\"@type\":\"ImageObject\",\"inLanguage\":\"en-US\",\"@id\":\"https:\/\/ingeotecktecnologics.com\/#\/schema\/logo\/image\/\",\"url\":\"https:\/\/ingeotecktecnologics.com\/wp-content\/uploads\/2023\/03\/ingeotek-logo-1.svg\",\"contentUrl\":\"https:\/\/ingeotecktecnologics.com\/wp-content\/uploads\/2023\/03\/ingeotek-logo-1.svg\",\"width\":259,\"height\":78,\"caption\":\"Ingeoteck Tecnologies | Equipos y hardware para empresas\"},\"image\":{\"@id\":\"https:\/\/ingeotecktecnologics.com\/#\/schema\/logo\/image\/\"}}]}<\/script>\n<!-- \/ Yoast SEO plugin. -->","yoast_head_json":{"title":"Anton Thorne - Ingeoteck Tecnologies | Equipos y hardware para empresas","robots":{"index":"index","follow":"follow","max-snippet":"max-snippet:-1","max-image-preview":"max-image-preview:large","max-video-preview":"max-video-preview:-1"},"canonical":"https:\/\/ingeotecktecnologics.com\/?page_id=3550","og_locale":"en_US","og_type":"article","og_title":"Anton Thorne - Ingeoteck Tecnologies | Equipos y hardware para empresas","og_description":"Senior Developer","og_url":"https:\/\/ingeotecktecnologics.com\/?page_id=3550","og_site_name":"Ingeoteck Tecnologies | Equipos y hardware para empresas","twitter_card":"summary_large_image","twitter_misc":{"Est. reading time":"1 minute"},"schema":{"@context":"https:\/\/schema.org","@graph":[{"@type":"WebPage","@id":"https:\/\/ingeotecktecnologics.com\/?page_id=3550","url":"https:\/\/ingeotecktecnologics.com\/?page_id=3550","name":"Anton Thorne - Ingeoteck Tecnologies | Equipos y hardware para empresas","isPartOf":{"@id":"https:\/\/ingeotecktecnologics.com\/#website"},"datePublished":"2023-03-25T12:00:30+00:00","dateModified":"2023-03-25T12:00:30+00:00","breadcrumb":{"@id":"https:\/\/ingeotecktecnologics.com\/?page_id=3550#breadcrumb"},"inLanguage":"en-US","potentialAction":[{"@type":"ReadAction","target":["https:\/\/ingeotecktecnologics.com\/?page_id=3550"]}]},{"@type":"BreadcrumbList","@id":"https:\/\/ingeotecktecnologics.com\/?page_id=3550#breadcrumb","itemListElement":[{"@type":"ListItem","position":1,"name":"Home","item":"https:\/\/ingeotecktecnologics.com\/"},{"@type":"ListItem","position":2,"name":"Team","item":"https:\/\/ingeotecktecnologics.com\/?page_id=1295"},{"@type":"ListItem","position":3,"name":"Anton Thorne"}]},{"@type":"WebSite","@id":"https:\/\/ingeotecktecnologics.com\/#website","url":"https:\/\/ingeotecktecnologics.com\/","name":"Ingeoteck Tecnologies | Equipos y hardware para empresas","description":"Proveedor de servicios tecnol\u00f3gicos l\u00edder en Colombia con m\u00e1s de 15 a\u00f1os de experiencia, ofreciendo consultor\u00eda, e infraestructura de calidad.","publisher":{"@id":"https:\/\/ingeotecktecnologics.com\/#organization"},"potentialAction":[{"@type":"SearchAction","target":{"@type":"EntryPoint","urlTemplate":"https:\/\/ingeotecktecnologics.com\/?s={search_term_string}"},"query-input":"required name=search_term_string"}],"inLanguage":"en-US"},{"@type":"Organization","@id":"https:\/\/ingeotecktecnologics.com\/#organization","name":"Ingeoteck Tecnologies | Equipos y hardware para empresas","url":"https:\/\/ingeotecktecnologics.com\/","logo":{"@type":"ImageObject","inLanguage":"en-US","@id":"https:\/\/ingeotecktecnologics.com\/#\/schema\/logo\/image\/","url":"https:\/\/ingeotecktecnologics.com\/wp-content\/uploads\/2023\/03\/ingeotek-logo-1.svg","contentUrl":"https:\/\/ingeotecktecnologics.com\/wp-content\/uploads\/2023\/03\/ingeotek-logo-1.svg","width":259,"height":78,"caption":"Ingeoteck Tecnologies | Equipos y hardware para empresas"},"image":{"@id":"https:\/\/ingeotecktecnologics.com\/#\/schema\/logo\/image\/"}}]}},"_links":{"self":[{"href":"https:\/\/ingeotecktecnologics.com\/index.php?rest_route=\/wp\/v2\/pages\/3550"}],"collection":[{"href":"https:\/\/ingeotecktecnologics.com\/index.php?rest_route=\/wp\/v2\/pages"}],"about":[{"href":"https:\/\/ingeotecktecnologics.com\/index.php?rest_route=\/wp\/v2\/types\/page"}],"author":[{"embeddable":true,"href":"https:\/\/ingeotecktecnologics.com\/index.php?rest_route=\/wp\/v2\/users\/1"}],"replies":[{"embeddable":true,"href":"https:\/\/ingeotecktecnologics.com\/index.php?rest_route=%2Fwp%2Fv2%2Fcomments&post=3550"}],"version-history":[{"count":0,"href":"https:\/\/ingeotecktecnologics.com\/index.php?rest_route=\/wp\/v2\/pages\/3550\/revisions"}],"up":[{"embeddable":true,"href":"https:\/\/ingeotecktecnologics.com\/index.php?rest_route=\/wp\/v2\/pages\/1295"}],"wp:featuredmedia":[{"embeddable":true,"href":"https:\/\/ingeotecktecnologics.com\/index.php?rest_route=\/wp\/v2\/media\/3555"}],"wp:attachment":[{"href":"https:\/\/ingeotecktecnologics.com\/index.php?rest_route=%2Fwp%2Fv2%2Fmedia&parent=3550"}],"curies":[{"name":"wp","href":"https:\/\/api.w.org\/{rel}","templated":true}]}}